{"id":773,"date":"2021-02-21T05:29:56","date_gmt":"2021-02-21T05:29:56","guid":{"rendered":"https:\/\/vvdi.com.tw\/?post_type=product&#038;p=773"},"modified":"2025-07-22T04:43:23","modified_gmt":"2025-07-22T04:43:23","slug":"xhorse-xkbu01en-buick-folding-4-buttons-wired-remote","status":"publish","type":"product","link":"https:\/\/vvdi.com.tw\/?product=xhorse-xkbu01en-buick-folding-4-buttons-wired-remote","title":{"rendered":"XHORSE XKBU21EN Buick (Folding 4 Buttons) Wired remote"},"content":{"rendered":"<div><strong>Xhorse (Englisch Version) Universal Remote Key Fob f\u00fcr VVDI Schl\u00fcssel Werkzeug<\/strong><\/div>\n<div>Kompatibel mit Xhorse VVDI Schl\u00fcssel Werkzeug, VVDI Mini Schl\u00fcssel Werkzeug, VVDI2<\/div>\n<div><\/div>\n<div><strong>Eigenschaften:<\/strong><\/div>\n<div><\/div>\n<div>PN:XKBU21EN<\/div>\n<div>Farbe: Als bild<\/div>\n<div>Button: 3 Tasten<\/div>\n<div>Gewicht: 41g<\/div>\n<div>Transponer: Keine<\/div>\n<div>Batterie:Keine<\/div>\n<div>Batterie Modell: CR2032<\/div>\n","protected":false},"excerpt":{"rendered":"<p>Xhorse (Englisch Version) Universal Remote Key Fob f\u00fcr VVDI Schl\u00fcssel Werkzeug Kompatibel mit Xhorse VVDI Schl\u00fcssel Werkzeug, VVDI Mini Schl\u00fcssel Werkzeug, VVDI2 Eigenschaften: PN:XKBU21EN Farbe: Als bild Button: 3 Tasten Gewicht: 41g Transponer: Keine Batterie:Keine Batterie Modell: CR2032<\/p>\n","protected":false},"featured_media":1577,"comment_status":"closed","ping_status":"closed","template":"","meta":[],"product_brand":[],"product_cat":[33],"product_tag":[],"class_list":{"0":"post-773","1":"product","2":"type-product","3":"status-publish","4":"has-post-thumbnail","6":"product_cat-xk","8":"first","9":"instock","10":"shipping-taxable","11":"purchasable","12":"product-type-simple"},"_links":{"self":[{"href":"https:\/\/vvdi.com.tw\/index.php?rest_route=\/wp\/v2\/product\/773","targetHints":{"allow":["GET"]}}],"collection":[{"href":"https:\/\/vvdi.com.tw\/index.php?rest_route=\/wp\/v2\/product"}],"about":[{"href":"https:\/\/vvdi.com.tw\/index.php?rest_route=\/wp\/v2\/types\/product"}],"replies":[{"embeddable":true,"href":"https:\/\/vvdi.com.tw\/index.php?rest_route=%2Fwp%2Fv2%2Fcomments&post=773"}],"wp:featuredmedia":[{"embeddable":true,"href":"https:\/\/vvdi.com.tw\/index.php?rest_route=\/wp\/v2\/media\/1577"}],"wp:attachment":[{"href":"https:\/\/vvdi.com.tw\/index.php?rest_route=%2Fwp%2Fv2%2Fmedia&parent=773"}],"wp:term":[{"taxonomy":"product_brand","embeddable":true,"href":"https:\/\/vvdi.com.tw\/index.php?rest_route=%2Fwp%2Fv2%2Fproduct_brand&post=773"},{"taxonomy":"product_cat","embeddable":true,"href":"https:\/\/vvdi.com.tw\/index.php?rest_route=%2Fwp%2Fv2%2Fproduct_cat&post=773"},{"taxonomy":"product_tag","embeddable":true,"href":"https:\/\/vvdi.com.tw\/index.php?rest_route=%2Fwp%2Fv2%2Fproduct_tag&post=773"}],"curies":[{"name":"wp","href":"https:\/\/api.w.org\/{rel}","templated":true}]}}